{"id":7,"date":"2018-05-25T04:39:02","date_gmt":"2018-05-25T04:39:02","guid":{"rendered":"http:\/\/multipurpose.loc\/hotel\/?page_id=7"},"modified":"2025-01-14T13:03:59","modified_gmt":"2025-01-14T12:03:59","slug":"front-page","status":"publish","type":"page","link":"https:\/\/www.hotelmayacapskirring.com\/","title":{"rendered":"Front page"},"content":{"rendered":"<p>[vc_row full_width=\u00a0\u00bbstretch_row\u00a0\u00bb shadow_x_offset=\u00a0\u00bb0&Prime; shadow_y_offset=\u00a0\u00bb0&Prime; shadow_blur=\u00a0\u00bb0&Prime; shadow_spread=\u00a0\u00bb0&Prime; shadow_color=\u00a0\u00bb\u00a0\u00bb el_class=\u00a0\u00bboverlap\u00a0\u00bb css=\u00a0\u00bb.vc_custom_1542870643138{margin-top: -160px !important;}\u00a0\u00bb][vc_column shadow_x_offset=\u00a0\u00bb0&Prime; shadow_y_offset=\u00a0\u00bb0&Prime; shadow_blur=\u00a0\u00bb0&Prime; shadow_spread=\u00a0\u00bb0&Prime; shadow_color=\u00a0\u00bb\u00a0\u00bb offset=\u00a0\u00bbvc_col-lg-offset-1 vc_col-lg-10 vc_col-md-offset-1 vc_col-md-10 vc_col-xs-12&Prime;][rev_slider_vc alias=\u00a0\u00bbhome\u00a0\u00bb][\/vc_column][\/vc_row][vc_row full_width=\u00a0\u00bbstretch_row\u00a0\u00bb shadow_x_offset=\u00a0\u00bb0&Prime; shadow_y_offset=\u00a0\u00bb0&Prime; shadow_blur=\u00a0\u00bb0&Prime; shadow_spread=\u00a0\u00bb0&Prime; shadow_color=\u00a0\u00bb\u00a0\u00bb el_class=\u00a0\u00bboverlap\u00a0\u00bb][vc_column css_animation=\u00a0\u00bbnone\u00a0\u00bb shadow_x_offset=\u00a0\u00bb0&Prime; shadow_y_offset=\u00a0\u00bb0&Prime; shadow_blur=\u00a0\u00bb0&Prime; shadow_spread=\u00a0\u00bb0&Prime; shadow_color=\u00a0\u00bbrgba(153,153,153,0.15)\u00a0\u00bb offset=\u00a0\u00bbvc_col-lg-offset-0 vc_col-lg-12 vc_col-md-offset-0 vc_col-md-12 vc_col-xs-12&Prime; css=\u00a0\u00bb.vc_custom_1542870952541{margin-top: -180px !important;padding-right: 0px !important;padding-left: 0px !important;}\u00a0\u00bb][stm_spacer height_tablet=\u00a0\u00bb170&Prime; height_mobile=\u00a0\u00bb180&Prime;][stm_wp_hotelier_form title=\u00a0\u00bb\u00a0\u00bb style=\u00a0\u00bbstyle_5&Prime; css=\u00a0\u00bb.vc_custom_1542185931670{background-color: #ffffff !important;}\u00a0\u00bb][\/vc_column][\/vc_row][vc_row shadow_x_offset=\u00a0\u00bb0&Prime; shadow_y_offset=\u00a0\u00bb0&Prime; shadow_blur=\u00a0\u00bb0&Prime; shadow_spread=\u00a0\u00bb0&Prime; css=\u00a0\u00bb.vc_custom_1624734994790{margin-top: 100px !important;margin-bottom: 60px !important;}\u00a0\u00bb][vc_column][vc_custom_heading text=\u00a0\u00bbKassoumay\u00a0\u00bb font_container=\u00a0\u00bbtag:h6|font_size:140|text_align:center|color:%23e8d0b8&Prime; google_fonts=\u00a0\u00bbfont_family:Herr%20Von%20Muellerhoff%3Aregular|font_style:400%20regular%3A400%3Anormal\u00a0\u00bb css=\u00a0\u00bb.vc_custom_1624711941288{padding-bottom: 15px !important;}\u00a0\u00bb][vc_column_text css=\u00a0\u00bb.vc_custom_1624711966869{padding-right: 10px !important;padding-left: 10px !important;}\u00a0\u00bb]<\/p>\n<p style=\"text-align: center;\">Situ\u00e9 \u00e0 7 kms au nord de Cap Skirring et \u00e0 proximit\u00e9 du village de Boucotte, l\u2019H\u00f4tel Maya de Cap Skirring offre une vue panoramique sur l\u2019oc\u00e9an. Vous pourrez profiter de la grande piscine avec vue panoramique sur l\u2019ocean,et de l\u2019immense plage qui s\u2019etend \u00e0 perte de vue, id\u00e9ale pour les bains de mer, les randonn\u00e9es \u00e0 pied ou \u00e0 v\u00e9lo, le footing ou le farniente.<\/p>\n<p style=\"text-align: center;\">NOTRE CR\u00c9DO, RENDRE VOTRE S\u00c9JOUR UNIQUE ET INOUBLIABLE<\/p>\n<p>[\/vc_column_text][\/vc_column][\/vc_row][vc_row full_width=\u00a0\u00bbstretch_row_content_no_spaces\u00a0\u00bb shadow_x_offset=\u00a0\u00bb0&Prime; shadow_y_offset=\u00a0\u00bb0&Prime; shadow_blur=\u00a0\u00bb0&Prime; shadow_spread=\u00a0\u00bb0&Prime; shadow_color=\u00a0\u00bb\u00a0\u00bb css=\u00a0\u00bb.vc_custom_1539247964793{margin-right: 15px !important;margin-left: 12px !important;}\u00a0\u00bb][vc_column width=\u00a0\u00bb1\/2&Prime; shadow_x_offset=\u00a0\u00bb0&Prime; shadow_y_offset=\u00a0\u00bb0&Prime; shadow_blur=\u00a0\u00bb0&Prime; shadow_spread=\u00a0\u00bb0&Prime; shadow_color=\u00a0\u00bb\u00a0\u00bb offset=\u00a0\u00bbvc_col-lg-3 vc_col-md-6 vc_col-xs-12&Prime;][stm_info_box icon=\u00a0\u00bbstmicon-toiletries1&Prime; icon_size=\u00a0\u00bb79&Prime; style=\u00a0\u00bbstyle_2&Prime; title=\u00a0\u00bbChambre confortable\u00a0\u00bb image=\u00a0\u00bb1852&Prime;]Les\u00a0chambres\u00a0d&rsquo;h\u00f4tel Maya sont cr\u00e9\u00e9es pour offrir le plus grand confort dans un cadre paradisiaque[\/stm_info_box][\/vc_column][vc_column width=\u00a0\u00bb1\/2&Prime; shadow_x_offset=\u00a0\u00bb0&Prime; shadow_y_offset=\u00a0\u00bb0&Prime; shadow_blur=\u00a0\u00bb0&Prime; shadow_spread=\u00a0\u00bb0&Prime; shadow_color=\u00a0\u00bb\u00a0\u00bb offset=\u00a0\u00bbvc_col-lg-3 vc_col-md-6 vc_col-xs-12&Prime;][stm_info_box icon=\u00a0\u00bbstmicon-meal1&Prime; icon_size=\u00a0\u00bb84&Prime; style=\u00a0\u00bbstyle_2&Prime; title=\u00a0\u00bbRestaurant\u00a0\u00bb image=\u00a0\u00bb1570&Prime;]Le restaurant et le bar vous offrent une cuisine gastronomique , le tout en face de la mer[\/stm_info_box][\/vc_column][vc_column width=\u00a0\u00bb1\/2&Prime; shadow_x_offset=\u00a0\u00bb0&Prime; shadow_y_offset=\u00a0\u00bb0&Prime; shadow_blur=\u00a0\u00bb0&Prime; shadow_spread=\u00a0\u00bb0&Prime; shadow_color=\u00a0\u00bb\u00a0\u00bb offset=\u00a0\u00bbvc_col-lg-3 vc_col-md-6 vc_col-xs-12&Prime;][stm_info_box icon=\u00a0\u00bbstmicon-passion\u00a0\u00bb icon_size=\u00a0\u00bb80&Prime; style=\u00a0\u00bbstyle_2&Prime; title=\u00a0\u00bbBar\u00a0\u00bb image=\u00a0\u00bb1642&Prime;]Des\u00a0cocktails\u00a0et des mocktails pour vous faire\u00a0sourire, tout au long de votre sejour en Casamance[\/stm_info_box][\/vc_column][vc_column width=\u00a0\u00bb1\/2&Prime; shadow_x_offset=\u00a0\u00bb0&Prime; shadow_y_offset=\u00a0\u00bb0&Prime; shadow_blur=\u00a0\u00bb0&Prime; shadow_spread=\u00a0\u00bb0&Prime; shadow_color=\u00a0\u00bb\u00a0\u00bb offset=\u00a0\u00bbvc_col-lg-3 vc_col-md-6 vc_col-xs-12&Prime;][stm_info_box icon=\u00a0\u00bbstmicon-hotel-pool\u00a0\u00bb icon_size=\u00a0\u00bb80&Prime; style=\u00a0\u00bbstyle_2&Prime; title=\u00a0\u00bbPiscine &amp; Plage\u00a0\u00bb image=\u00a0\u00bb1850&Prime;]Profiter de la grande piscine avec vue panoramique sur l\u2019oc\u00e9an, et de l\u2019immense plage qui s\u2019\u00e9tend \u00e0 perte de vue[\/stm_info_box][\/vc_column][\/vc_row][vc_row full_width=\u00a0\u00bbstretch_row\u00a0\u00bb shadow_x_offset=\u00a0\u00bb0&Prime; shadow_y_offset=\u00a0\u00bb0&Prime; shadow_blur=\u00a0\u00bb0&Prime; shadow_spread=\u00a0\u00bb0&Prime; shadow_color=\u00a0\u00bb\u00a0\u00bb css=\u00a0\u00bb.vc_custom_1542189027519{margin-top: -30px !important;padding-top: 80px !important;padding-bottom: 45px !important;background-color: #f5f5f5 !important;}\u00a0\u00bb][vc_column css_animation=\u00a0\u00bbnone\u00a0\u00bb shadow_x_offset=\u00a0\u00bb0&Prime; shadow_y_offset=\u00a0\u00bb0&Prime; shadow_blur=\u00a0\u00bb0&Prime; shadow_spread=\u00a0\u00bb0&Prime; offset=\u00a0\u00bbvc_col-lg-4 vc_col-md-4&Prime;][stm_icon_box icon=\u00a0\u00bbstmicon-hotel-internet\u00a0\u00bb icon_class=\u00a0\u00bbttc\u00a0\u00bb icon_size=\u00a0\u00bb56&Prime; icon_height=\u00a0\u00bb80&Prime; icon_width=\u00a0\u00bb85&Prime; min_height=\u00a0\u00bb220&Prime; flip=\u00a0\u00bb\u00a0\u00bb flip_title_color=\u00a0\u00bb\u00a0\u00bb flip_content_color=\u00a0\u00bb\u00a0\u00bb title=\u00a0\u00bbWi-Fi gratuit\u00a0\u00bb title_fsz=\u00a0\u00bb24&Prime; flip_title=\u00a0\u00bb\u00a0\u00bb flip_content=\u00a0\u00bb\u00a0\u00bb css=\u00a0\u00bb.vc_custom_1624647951139{padding-right: 15px !important;}\u00a0\u00bb]La pand\u00e9mie \u00e0 changer nos habitudes , ch\u00e8re client b\u00e9n\u00e9ficiez d&rsquo;une connexion Wi-Fi gratuite dans notre \u00e9tablissement.[\/stm_icon_box][stm_spacer height=\u00a0\u00bb0&Prime; height_tablet=\u00a0\u00bb20&Prime; height_mobile=\u00a0\u00bb35&Prime;][\/vc_column][vc_column css_animation=\u00a0\u00bbnone\u00a0\u00bb shadow_x_offset=\u00a0\u00bb0&Prime; shadow_y_offset=\u00a0\u00bb0&Prime; shadow_blur=\u00a0\u00bb0&Prime; shadow_spread=\u00a0\u00bb0&Prime; offset=\u00a0\u00bbvc_col-lg-4 vc_col-md-4&Prime;][stm_icon_box icon=\u00a0\u00bbstmicon-hotel-concierge\u00a0\u00bb icon_class=\u00a0\u00bbttc\u00a0\u00bb icon_size=\u00a0\u00bb54&Prime; icon_height=\u00a0\u00bb80&Prime; icon_width=\u00a0\u00bb85&Prime; min_height=\u00a0\u00bb220&Prime; flip=\u00a0\u00bb\u00a0\u00bb flip_title_color=\u00a0\u00bb\u00a0\u00bb flip_content_color=\u00a0\u00bb\u00a0\u00bb title=\u00a0\u00bbRestauration\u00a0\u00bb title_fsz=\u00a0\u00bb24&Prime; flip_title=\u00a0\u00bb\u00a0\u00bb flip_content=\u00a0\u00bb\u00a0\u00bb css=\u00a0\u00bb.vc_custom_1624709869895{padding-right: 15px !important;}\u00a0\u00bb]Le restaurant et le bar vous offrent une cuisine gastronomique , le tout en face de la mer[\/stm_icon_box][stm_spacer height=\u00a0\u00bb0&Prime; height_tablet=\u00a0\u00bb20&Prime; height_mobile=\u00a0\u00bb35&Prime;][\/vc_column][vc_column css_animation=\u00a0\u00bbnone\u00a0\u00bb shadow_x_offset=\u00a0\u00bb0&Prime; shadow_y_offset=\u00a0\u00bb0&Prime; shadow_blur=\u00a0\u00bb0&Prime; shadow_spread=\u00a0\u00bb0&Prime; shadow_color=\u00a0\u00bb\u00a0\u00bb offset=\u00a0\u00bbvc_col-lg-4 vc_col-md-4&Prime;][stm_icon_box icon=\u00a0\u00bbstmicon-hotel-pool\u00a0\u00bb icon_class=\u00a0\u00bbttc\u00a0\u00bb icon_size=\u00a0\u00bb44&Prime; icon_height=\u00a0\u00bb80&Prime; icon_width=\u00a0\u00bb85&Prime; min_height=\u00a0\u00bb220&Prime; flip=\u00a0\u00bb\u00a0\u00bb flip_title_color=\u00a0\u00bb\u00a0\u00bb flip_content_color=\u00a0\u00bb\u00a0\u00bb title=\u00a0\u00bbAcc\u00e8s piscine\u00a0\u00bb title_fsz=\u00a0\u00bb24&Prime; flip_title=\u00a0\u00bb\u00a0\u00bb flip_content=\u00a0\u00bb\u00a0\u00bb css=\u00a0\u00bb.vc_custom_1624647894657{padding-right: 15px !important;}\u00a0\u00bb]Hotel b\u00e9n\u00e9ficie d&rsquo;un acc\u00e9s direct \u00e0 la plage et d&rsquo;une grande piscine. L&rsquo;acc\u00e9s \u00e0 la piscine est gratuite pour les clients de l&rsquo;hotel.[\/stm_icon_box][\/vc_column][\/vc_row][vc_row full_width=\u00a0\u00bbstretch_row_content\u00a0\u00bb shadow_x_offset=\u00a0\u00bb0&Prime; shadow_y_offset=\u00a0\u00bb0&Prime; shadow_blur=\u00a0\u00bb0&Prime; shadow_spread=\u00a0\u00bb0&Prime; shadow_color=\u00a0\u00bb\u00a0\u00bb css=\u00a0\u00bb.vc_custom_1542189658881{margin-top: 70px !important;margin-bottom: 70px !important;padding-top: 65px !important;}\u00a0\u00bb][vc_column css_animation=\u00a0\u00bbnone\u00a0\u00bb shadow_x_offset=\u00a0\u00bb0&Prime; shadow_y_offset=\u00a0\u00bb0&Prime; shadow_blur=\u00a0\u00bb0&Prime; shadow_spread=\u00a0\u00bb0&Prime; shadow_color=\u00a0\u00bb\u00a0\u00bb offset=\u00a0\u00bbvc_col-lg-offset-1 vc_col-lg-10 vc_col-md-offset-1 vc_col-md-10 vc_col-xs-12&Prime;][vc_custom_heading text=\u00a0\u00bbConfort\u00a0\u00bb font_container=\u00a0\u00bbtag:h6|font_size:140|text_align:center|color:%23e8d0b8&Prime; google_fonts=\u00a0\u00bbfont_family:Herr%20Von%20Muellerhoff%3Aregular|font_style:400%20regular%3A400%3Anormal\u00a0\u00bb][vc_custom_heading text=\u00a0\u00bbNos Chambres\u00a0\u00bb font_container=\u00a0\u00bbtag:h3|font_size:48|text_align:center\u00a0\u00bb google_fonts=\u00a0\u00bbfont_family:Roboto%3A100%2C100italic%2C300%2C300italic%2Cregular%2Citalic%2C500%2C500italic%2C700%2C700italic%2C900%2C900italic|font_style:700%20bold%20regular%3A700%3Anormal\u00a0\u00bb css=\u00a0\u00bb.vc_custom_1624643990278{margin-top: -20px !important;padding-top: 5px !important;}\u00a0\u00bb][vc_empty_space height=\u00a0\u00bb50px\u00a0\u00bb][stm_wp_hotelier_selective_rooms_carousel per_row=\u00a0\u00bb3&Prime;][\/vc_column][\/vc_row][vc_row full_width=\u00a0\u00bbstretch_row_content_no_spaces\u00a0\u00bb shadow_x_offset=\u00a0\u00bb0&Prime; shadow_y_offset=\u00a0\u00bb0&Prime; shadow_blur=\u00a0\u00bb0&Prime; shadow_spread=\u00a0\u00bb0&Prime; shadow_color=\u00a0\u00bb\u00a0\u00bb css=\u00a0\u00bb.vc_custom_1542191796266{margin-bottom: -100px !important;}\u00a0\u00bb][vc_column][\/vc_column][\/vc_row]<\/p>\n","protected":false},"excerpt":{"rendered":"<p>[vc_row full_width=\u00a0\u00bbstretch_row\u00a0\u00bb shadow_x_offset=\u00a0\u00bb0&Prime; shadow_y_offset=\u00a0\u00bb0&Prime; shadow_blur=\u00a0\u00bb0&Prime; shadow_spread=\u00a0\u00bb0&Prime; shadow_color=\u00a0\u00bb\u00a0\u00bb el_class=\u00a0\u00bboverlap\u00a0\u00bb css=\u00a0\u00bb.vc_custom_1542870643138{margin-top: -160px !important;}\u00a0\u00bb][vc_column shadow_x_offset=\u00a0\u00bb0&Prime; shadow_y_offset=\u00a0\u00bb0&Prime; shadow_blur=\u00a0\u00bb0&Prime; shadow_spread=\u00a0\u00bb0&Prime; shadow_color=\u00a0\u00bb\u00a0\u00bb offset=\u00a0\u00bbvc_col-lg-offset-1 vc_col-lg-10 vc_col-md-offset-1 vc_col-md-10 vc_col-xs-12&Prime;][rev_slider_vc alias=\u00a0\u00bbhome\u00a0\u00bb][\/vc_column][\/vc_row][vc_row full_width=\u00a0\u00bbstretch_row\u00a0\u00bb shadow_x_offset=\u00a0\u00bb0&Prime; shadow_y_offset=\u00a0\u00bb0&Prime; shadow_blur=\u00a0\u00bb0&Prime; shadow_spread=\u00a0\u00bb0&Prime; shadow_color=\u00a0\u00bb\u00a0\u00bb el_class=\u00a0\u00bboverlap\u00a0\u00bb][vc_column css_animation=\u00a0\u00bbnone\u00a0\u00bb shadow_x_offset=\u00a0\u00bb0&Prime; shadow_y_offset=\u00a0\u00bb0&Prime; shadow_blur=\u00a0\u00bb0&Prime; shadow_spread=\u00a0\u00bb0&Prime; shadow_color=\u00a0\u00bbrgba(153,153,153,0.15)\u00a0\u00bb offset=\u00a0\u00bbvc_col-lg-offset-0 vc_col-lg-12 vc_col-md-offset-0 vc_col-md-12 vc_col-xs-12&Prime; css=\u00a0\u00bb.vc_custom_1542870952541{margin-top: -180px !important;padding-right: 0px !important;padding-left: 0px !important;}\u00a0\u00bb][stm_spacer height_tablet=\u00a0\u00bb170&Prime; height_mobile=\u00a0\u00bb180&Prime;][stm_wp_hotelier_form title=\u00a0\u00bb\u00a0\u00bb style=\u00a0\u00bbstyle_5&Prime; css=\u00a0\u00bb.vc_custom_1542185931670{background-color: #ffffff !important;}\u00a0\u00bb][\/vc_column][\/vc_row][vc_row shadow_x_offset=\u00a0\u00bb0&Prime; [&hellip;]<\/p>\n","protected":false},"author":1,"featured_media":0,"parent":0,"menu_order":0,"comment_status":"closed","ping_status":"closed","template":"","meta":{"footnotes":""},"class_list":["post-7","page","type-page","status-publish","hentry"],"_links":{"self":[{"href":"https:\/\/www.hotelmayacapskirring.com\/index.php\/wp-json\/wp\/v2\/pages\/7","targetHints":{"allow":["GET"]}}],"collection":[{"href":"https:\/\/www.hotelmayacapskirring.com\/index.php\/wp-json\/wp\/v2\/pages"}],"about":[{"href":"https:\/\/www.hotelmayacapskirring.com\/index.php\/wp-json\/wp\/v2\/types\/page"}],"author":[{"embeddable":true,"href":"https:\/\/www.hotelmayacapskirring.com\/index.php\/wp-json\/wp\/v2\/users\/1"}],"replies":[{"embeddable":true,"href":"https:\/\/www.hotelmayacapskirring.com\/index.php\/wp-json\/wp\/v2\/comments?post=7"}],"version-history":[{"count":59,"href":"https:\/\/www.hotelmayacapskirring.com\/index.php\/wp-json\/wp\/v2\/pages\/7\/revisions"}],"predecessor-version":[{"id":1861,"href":"https:\/\/www.hotelmayacapskirring.com\/index.php\/wp-json\/wp\/v2\/pages\/7\/revisions\/1861"}],"wp:attachment":[{"href":"https:\/\/www.hotelmayacapskirring.com\/index.php\/wp-json\/wp\/v2\/media?parent=7"}],"curies":[{"name":"wp","href":"https:\/\/api.w.org\/{rel}","templated":true}]}}